{"id":99,"date":"2021-01-30T09:48:41","date_gmt":"2021-01-30T08:48:41","guid":{"rendered":"http:\/\/blank.test\/?page_id=99"},"modified":"2021-02-15T20:47:30","modified_gmt":"2021-02-15T19:47:30","slug":"servizi","status":"publish","type":"page","link":"https:\/\/residenzaruspolibonaparte.com\/fr\/servizi\/","title":{"rendered":"Services"},"content":{"rendered":"<p>D\u00e9couvrez les nombreux services de la\u00a0<b>R\u00e9sidence\u00a0Ruspoli\u00a0Bonaparte<\/b>, une\u00a0<b>demeure de luxe dans le centre historique de Rome<\/b>. Vous resterez sans voix face \u00e0 ses <b>ameublements historiques<\/b>\u00a0et \u00e0 ses nombreuses\u00a0<b>pi\u00e8ces d\u2019art uniques <\/b>plac\u00e9es \u00e0 l\u2019int\u00e9rieur.<\/p>\n<p>Vous serez de plus c\u00e2lin\u00e9s par des extras pens\u00e9s sp\u00e9cialement pour vous, tels que:<br \/>\n<b>Petit-d\u00e9jeuner<\/b>\u00a0continental servi\u00a0<b>en chambre\u00a0<\/b>de 7h30 et 10h30<br \/>\n<b>Massages et coiffeur <\/b>internes \u00e0 la structure \u00e0 paiement<br \/>\nPossibilit\u00e9 de <b>r\u00e9unions, d\u00eeners ou ap\u00e9ritifs priv\u00e9s <\/b>jusqu\u2019\u00e0 16 personnes avec cuisinier et majordome personnel<br \/>\n<b>Air climatis\u00e9<\/b>\u00a0et chauffage<br \/>\nR\u00e9seau\u00a0<b>Wi-Fi<\/b><br \/>\n<b>Frigobar\u00a0<\/b>et\u00a0<b>coffre-fort<\/b><br \/>\n<b>Tv satellitaires\u00a0<\/b>avec services Sky<\/p>\n","protected":false},"excerpt":{"rendered":"<p>D\u00e9couvrez les nombreux services de la\u00a0R\u00e9sidence\u00a0Ruspoli\u00a0Bonaparte, une\u00a0demeure de luxe dans le centre historique de Rome. Vous resterez sans voix face \u00e0 ses ameublements historiques\u00a0et \u00e0 ses nombreuses\u00a0pi\u00e8ces d\u2019art uniques plac\u00e9es \u00e0 l\u2019int\u00e9rieur. Vous serez de plus c\u00e2lin\u00e9s par des extras pens\u00e9s sp\u00e9cialement pour vous, tels que: Petit-d\u00e9jeuner\u00a0continental servi\u00a0en chambre\u00a0de 7h30 et 10h30 Massages et coiffeurLeggi&#8230;<\/p>\n","protected":false},"author":1,"featured_media":132,"parent":0,"menu_order":0,"comment_status":"closed","ping_status":"closed","template":"","meta":{"footnotes":""},"class_list":["post-99","page","type-page","status-publish","has-post-thumbnail","hentry"],"_links":{"self":[{"href":"https:\/\/residenzaruspolibonaparte.com\/fr\/wp-json\/wp\/v2\/pages\/99","targetHints":{"allow":["GET"]}}],"collection":[{"href":"https:\/\/residenzaruspolibonaparte.com\/fr\/wp-json\/wp\/v2\/pages"}],"about":[{"href":"https:\/\/residenzaruspolibonaparte.com\/fr\/wp-json\/wp\/v2\/types\/page"}],"author":[{"embeddable":true,"href":"https:\/\/residenzaruspolibonaparte.com\/fr\/wp-json\/wp\/v2\/users\/1"}],"replies":[{"embeddable":true,"href":"https:\/\/residenzaruspolibonaparte.com\/fr\/wp-json\/wp\/v2\/comments?post=99"}],"version-history":[{"count":16,"href":"https:\/\/residenzaruspolibonaparte.com\/fr\/wp-json\/wp\/v2\/pages\/99\/revisions"}],"predecessor-version":[{"id":429,"href":"https:\/\/residenzaruspolibonaparte.com\/fr\/wp-json\/wp\/v2\/pages\/99\/revisions\/429"}],"wp:featuredmedia":[{"embeddable":true,"href":"https:\/\/residenzaruspolibonaparte.com\/fr\/wp-json\/wp\/v2\/media\/132"}],"wp:attachment":[{"href":"https:\/\/residenzaruspolibonaparte.com\/fr\/wp-json\/wp\/v2\/media?parent=99"}],"curies":[{"name":"wp","href":"https:\/\/api.w.org\/{rel}","templated":true}]}}