{"id":6,"date":"2021-01-17T14:30:24","date_gmt":"2021-01-17T13:30:24","guid":{"rendered":"http:\/\/blank.test\/?page_id=6"},"modified":"2023-03-09T15:05:08","modified_gmt":"2023-03-09T14:05:08","slug":"residenza-ruspoli","status":"publish","type":"page","link":"https:\/\/residenzaruspolibonaparte.com\/fr\/","title":{"rendered":"Home"},"content":{"rendered":"<p>Dans le c\u0153ur du centre historique de Rome, \u00e0 moins d\u2019une minute \u00e0 pied de la Piazza di Spagna et parmi les marques de luxe de Via Condotti et Via del Corso, se trouve la\u00a0<b>R\u00e9sidence\u00a0Ruspoli\u00a0Bonaparte<\/b>, h\u00f4tel de luxe avec d\u00e9cor princier, qui vous fera vivre une exp\u00e9rience inoubliable gr\u00e2ce \u00e0 sa position, id\u00e9ale pour d\u00e9couvrir l\u2019art de la ville et l\u2019\u00e9l\u00e9gance de ses rues consacr\u00e9es au shopping.<\/p>\n<p>Ce Palazzo historique du XVI\u00e8me si\u00e8cle, o\u00f9 le jeune Empereur Bonaparte a r\u00e9sid\u00e9 avec sa m\u00e8re Hortense de\u00a0Beauharnais, Reine des Pays-Bas, est compos\u00e9 de <b>quatre suites exclusives<\/b>, plac\u00e9es au fond d\u2019un magnifique escalier, orn\u00e9 de statues repr\u00e9sentant d\u2019importants personnages historiques.<\/p>\n","protected":false},"excerpt":{"rendered":"<p>Dans le c\u0153ur du centre historique de Rome, \u00e0 moins d\u2019une minute \u00e0 pied de la Piazza di Spagna et parmi les marques de luxe de Via Condotti et Via del Corso, se trouve la\u00a0R\u00e9sidence\u00a0Ruspoli\u00a0Bonaparte, h\u00f4tel de luxe avec d\u00e9cor princier, qui vous fera vivre une exp\u00e9rience inoubliable gr\u00e2ce \u00e0 sa position, id\u00e9ale pour d\u00e9couvrirLeggi&#8230;<\/p>\n","protected":false},"author":1,"featured_media":0,"parent":0,"menu_order":0,"comment_status":"closed","ping_status":"closed","template":"","meta":{"footnotes":""},"class_list":["post-6","page","type-page","status-publish","hentry"],"_links":{"self":[{"href":"https:\/\/residenzaruspolibonaparte.com\/fr\/wp-json\/wp\/v2\/pages\/6","targetHints":{"allow":["GET"]}}],"collection":[{"href":"https:\/\/residenzaruspolibonaparte.com\/fr\/wp-json\/wp\/v2\/pages"}],"about":[{"href":"https:\/\/residenzaruspolibonaparte.com\/fr\/wp-json\/wp\/v2\/types\/page"}],"author":[{"embeddable":true,"href":"https:\/\/residenzaruspolibonaparte.com\/fr\/wp-json\/wp\/v2\/users\/1"}],"replies":[{"embeddable":true,"href":"https:\/\/residenzaruspolibonaparte.com\/fr\/wp-json\/wp\/v2\/comments?post=6"}],"version-history":[{"count":34,"href":"https:\/\/residenzaruspolibonaparte.com\/fr\/wp-json\/wp\/v2\/pages\/6\/revisions"}],"predecessor-version":[{"id":632,"href":"https:\/\/residenzaruspolibonaparte.com\/fr\/wp-json\/wp\/v2\/pages\/6\/revisions\/632"}],"wp:attachment":[{"href":"https:\/\/residenzaruspolibonaparte.com\/fr\/wp-json\/wp\/v2\/media?parent=6"}],"curies":[{"name":"wp","href":"https:\/\/api.w.org\/{rel}","templated":true}]}}