{"id":243,"date":"2021-02-06T22:05:28","date_gmt":"2021-02-06T21:05:28","guid":{"rendered":"http:\/\/xkolzob.cluster030.hosting.ovh.net\/?page_id=243"},"modified":"2021-02-15T20:45:58","modified_gmt":"2021-02-15T19:45:58","slug":"meeting-di-lavoro","status":"publish","type":"page","link":"https:\/\/residenzaruspolibonaparte.com\/fr\/meeting-di-lavoro\/","title":{"rendered":"Rencontre de travail"},"content":{"rendered":"<p>La\u00a0<b>Salle Reggimento\u00a0Ruspoli<\/b>\u00a0s\u2019offre comme\u00a0<b>salle de r\u00e9unions d\u2019excellence<\/b>, dans laquelle accueillir des r\u00e9unions de haut niveau qui n\u00e9cessitent de la privacy et de la discr\u00e9tion.<\/p>\n<p>Le concept d\u2019accueil de cette demeure na\u00eet du soin de chaque d\u00e9tail et embrasse chaque aspect de l\u2019hospitalit\u00e9 moderne, o\u00f9 des si\u00e8cles d\u2019histoire et de technologies modernes du secteur se fondent pour le confort maximal des h\u00f4tes.<\/p>\n<p>Am\u00e9nag\u00e9e avec une table imp\u00e9riale,\u00a0<b>la salle peut contenir jusqu\u2019\u00e0 22 personnes<\/b>, tandis qu\u2019avec un am\u00e9nagement en assembl\u00e9e, on arrive \u00e0 40 personnes.<\/p>\n<p>Pour plus d\u2019informations, vous pouvez nous contacter au +39 342 886-1007 ou bien envoyer un email \u00e0\u00a0<a href=\"mailto:book@residenzaruspolibonaparte.com\">book@residenzaruspolibonaparte.com<\/a><\/p>\n","protected":false},"excerpt":{"rendered":"<p>La\u00a0Salle Reggimento\u00a0Ruspoli\u00a0s\u2019offre comme\u00a0salle de r\u00e9unions d\u2019excellence, dans laquelle accueillir des r\u00e9unions de haut niveau qui n\u00e9cessitent de la privacy et de la discr\u00e9tion. Le concept d\u2019accueil de cette demeure na\u00eet du soin de chaque d\u00e9tail et embrasse chaque aspect de l\u2019hospitalit\u00e9 moderne, o\u00f9 des si\u00e8cles d\u2019histoire et de technologies modernes du secteur se fondent pourLeggi&#8230;<\/p>\n","protected":false},"author":1,"featured_media":0,"parent":0,"menu_order":0,"comment_status":"closed","ping_status":"closed","template":"","meta":{"footnotes":""},"class_list":["post-243","page","type-page","status-publish","hentry"],"_links":{"self":[{"href":"https:\/\/residenzaruspolibonaparte.com\/fr\/wp-json\/wp\/v2\/pages\/243","targetHints":{"allow":["GET"]}}],"collection":[{"href":"https:\/\/residenzaruspolibonaparte.com\/fr\/wp-json\/wp\/v2\/pages"}],"about":[{"href":"https:\/\/residenzaruspolibonaparte.com\/fr\/wp-json\/wp\/v2\/types\/page"}],"author":[{"embeddable":true,"href":"https:\/\/residenzaruspolibonaparte.com\/fr\/wp-json\/wp\/v2\/users\/1"}],"replies":[{"embeddable":true,"href":"https:\/\/residenzaruspolibonaparte.com\/fr\/wp-json\/wp\/v2\/comments?post=243"}],"version-history":[{"count":19,"href":"https:\/\/residenzaruspolibonaparte.com\/fr\/wp-json\/wp\/v2\/pages\/243\/revisions"}],"predecessor-version":[{"id":425,"href":"https:\/\/residenzaruspolibonaparte.com\/fr\/wp-json\/wp\/v2\/pages\/243\/revisions\/425"}],"wp:attachment":[{"href":"https:\/\/residenzaruspolibonaparte.com\/fr\/wp-json\/wp\/v2\/media?parent=243"}],"curies":[{"name":"wp","href":"https:\/\/api.w.org\/{rel}","templated":true}]}}