{"id":232,"date":"2021-02-06T22:00:20","date_gmt":"2021-02-06T21:00:20","guid":{"rendered":"http:\/\/xkolzob.cluster030.hosting.ovh.net\/?page_id=232"},"modified":"2021-02-15T20:45:28","modified_gmt":"2021-02-15T19:45:28","slug":"eventi","status":"publish","type":"page","link":"https:\/\/residenzaruspolibonaparte.com\/fr\/eventi\/","title":{"rendered":"Evenements"},"content":{"rendered":"<p>La m\u00e9moire d\u2019un \u00e9v\u00e8nement est \u00e9troitement li\u00e9e \u00e0 la m\u00e9morabilit\u00e9\u00a0de la location. C\u2019est pour cela que la\u00a0<b>R\u00e9sidence\u00a0Ruspoli\u00a0Bonaparte<\/b>\u00a0propose pour vos \u00e9v\u00e8nements <b>une location \u00e9l\u00e9gante<\/b>\u00a0ayant des si\u00e8cles d\u2019histoire derri\u00e8re elle et un pr\u00e9sent plein de charme et de magie.<\/p>\n<p>Cette demeure historique se compose de plus de\u00a0<b>10 salons\u00a0<\/b>enti\u00e8rement recouverts de fresques de la m\u00e8re de Napol\u00e9on III, Hortense de\u00a0Beauharnais: ce fut elle qui fit r\u00e9aliser les fresques sur les plafonds de fa\u00e7on \u00e0 recr\u00e9er une atmosph\u00e8re fran\u00e7aise \u00e0 laquelle elle est habitu\u00e9e. De plus, tous les espaces sont enrichis de tableaux importants qui repr\u00e9sentent l\u2019histoire de Rome, avec de vastes fen\u00eatres qui donnent sur Via Condotti, comme la terrasse couverte.<\/p>\n<p>Les vastes espaces de la R\u00e9sidence\u00a0Ruspoli\u00a0Bonaparte sont <b>le cadre id\u00e9al pour vos r\u00e9ceptions \u00e0 Rome<\/b>, en plus des mariages, banquets priv\u00e9s, repas sociaux et de travail auxquels ils offrent la juste privacy et discr\u00e9tion.<\/p>\n","protected":false},"excerpt":{"rendered":"<p>La m\u00e9moire d\u2019un \u00e9v\u00e8nement est \u00e9troitement li\u00e9e \u00e0 la m\u00e9morabilit\u00e9\u00a0de la location. C\u2019est pour cela que la\u00a0R\u00e9sidence\u00a0Ruspoli\u00a0Bonaparte\u00a0propose pour vos \u00e9v\u00e8nements une location \u00e9l\u00e9gante\u00a0ayant des si\u00e8cles d\u2019histoire derri\u00e8re elle et un pr\u00e9sent plein de charme et de magie. Cette demeure historique se compose de plus de\u00a010 salons\u00a0enti\u00e8rement recouverts de fresques de la m\u00e8re de Napol\u00e9on III,Leggi&#8230;<\/p>\n","protected":false},"author":1,"featured_media":0,"parent":0,"menu_order":0,"comment_status":"closed","ping_status":"closed","template":"","meta":{"footnotes":""},"class_list":["post-232","page","type-page","status-publish","hentry"],"_links":{"self":[{"href":"https:\/\/residenzaruspolibonaparte.com\/fr\/wp-json\/wp\/v2\/pages\/232","targetHints":{"allow":["GET"]}}],"collection":[{"href":"https:\/\/residenzaruspolibonaparte.com\/fr\/wp-json\/wp\/v2\/pages"}],"about":[{"href":"https:\/\/residenzaruspolibonaparte.com\/fr\/wp-json\/wp\/v2\/types\/page"}],"author":[{"embeddable":true,"href":"https:\/\/residenzaruspolibonaparte.com\/fr\/wp-json\/wp\/v2\/users\/1"}],"replies":[{"embeddable":true,"href":"https:\/\/residenzaruspolibonaparte.com\/fr\/wp-json\/wp\/v2\/comments?post=232"}],"version-history":[{"count":7,"href":"https:\/\/residenzaruspolibonaparte.com\/fr\/wp-json\/wp\/v2\/pages\/232\/revisions"}],"predecessor-version":[{"id":423,"href":"https:\/\/residenzaruspolibonaparte.com\/fr\/wp-json\/wp\/v2\/pages\/232\/revisions\/423"}],"wp:attachment":[{"href":"https:\/\/residenzaruspolibonaparte.com\/fr\/wp-json\/wp\/v2\/media?parent=232"}],"curies":[{"name":"wp","href":"https:\/\/api.w.org\/{rel}","templated":true}]}}