{"id":14,"date":"2021-01-19T20:39:48","date_gmt":"2021-01-19T19:39:48","guid":{"rendered":"http:\/\/blank.test\/?page_id=14"},"modified":"2021-02-15T20:47:55","modified_gmt":"2021-02-15T19:47:55","slug":"storia","status":"publish","type":"page","link":"https:\/\/residenzaruspolibonaparte.com\/fr\/storia\/","title":{"rendered":"Histoire"},"content":{"rendered":"<p>Quand vous s\u00e9journerez dans la\u00a0<b>R\u00e9sidence\u00a0Ruspoli\u00a0Bonaparte,\u00a0<\/b>vous verrez la grandeur du Palazzo\u00a0Ruspoli, qui se trouve <b>dans le c\u0153ur du centre historique de Rome<\/b>, o\u00f9 la Via dei Condotti et la Via del Corso se rencontrent.<\/p>\n<p>Palazzo\u00a0Ruspoli\u00a0est un des b\u00e2timents les plus c\u00e9l\u00e8bres de la Rome du XVI\u00e8me si\u00e8cle, con\u00e7u par l\u2019architecte Bartolomeo Ammannati. A l\u2019int\u00e9rieur du palazzo se trouve le grand escalier dessin\u00e9 par Martino Longhi il Giovane, autrefois consid\u00e9r\u00e9 une des <b>\u201cquatre merveilles de Rome\u00a0\u00bb<\/b>. L\u2019escalier est compos\u00e9 de 100 marches, dont chacune est constitu\u00e9e d\u2019une seule pi\u00e8ce de marbre de plus de trois m\u00e8tres de longueur.<\/p>\n<p>Dans la r\u00e9sidence o\u00f9 se trouvent la Suite Hortense de\u00a0Beauharnais,\u00a0<b>la Reine des Pays-Bas, y v\u00e9cut avec son fils, le jeune Napol\u00e9on III,<\/b>\u00a0empereur du Deuxi\u00e8me Empire fran\u00e7ais et neveu de Napol\u00e9on Bonaparte I. Dans cette r\u00e9sidence, la m\u00e8re de Napol\u00e9on III, Hortense, fit r\u00e9aliser des fresques sur les plafonds de fa\u00e7on \u00e0 recr\u00e9er l\u2019atmosph\u00e8re fran\u00e7aise qui lui \u00e9tait famili\u00e8re.<\/p>\n<p>En 1859, le cousin de Napol\u00e9on III, Charles Napol\u00e9on Bonaparte, \u00e9pousa Cristina\u00a0Ruspoli, en \u00e9tablissant le lien entre les familles Ruspoli\u00a0et Bonaparte. Parmi les nombreuses personnes c\u00e9l\u00e8bres qui habit\u00e8rent au Palazzo\u00a0Ruspoli, nous trouvons l\u2019anglo-allemand Georg Friedrich\u00a0H\u00e4ndel\u00a0qui composa l\u2019oratoire La R\u00e9surrection, et qui, en 1709, fut aussi le ma\u00eetre de chapelle du prince Francesco Maria\u00a0Ruspoli.<\/p>\n","protected":false},"excerpt":{"rendered":"<p>Quand vous s\u00e9journerez dans la\u00a0R\u00e9sidence\u00a0Ruspoli\u00a0Bonaparte,\u00a0vous verrez la grandeur du Palazzo\u00a0Ruspoli, qui se trouve dans le c\u0153ur du centre historique de Rome, o\u00f9 la Via dei Condotti et la Via del Corso se rencontrent. Palazzo\u00a0Ruspoli\u00a0est un des b\u00e2timents les plus c\u00e9l\u00e8bres de la Rome du XVI\u00e8me si\u00e8cle, con\u00e7u par l\u2019architecte Bartolomeo Ammannati. A l\u2019int\u00e9rieur du palazzoLeggi&#8230;<\/p>\n","protected":false},"author":1,"featured_media":0,"parent":0,"menu_order":0,"comment_status":"closed","ping_status":"closed","template":"","meta":{"footnotes":""},"class_list":["post-14","page","type-page","status-publish","hentry"],"_links":{"self":[{"href":"https:\/\/residenzaruspolibonaparte.com\/fr\/wp-json\/wp\/v2\/pages\/14","targetHints":{"allow":["GET"]}}],"collection":[{"href":"https:\/\/residenzaruspolibonaparte.com\/fr\/wp-json\/wp\/v2\/pages"}],"about":[{"href":"https:\/\/residenzaruspolibonaparte.com\/fr\/wp-json\/wp\/v2\/types\/page"}],"author":[{"embeddable":true,"href":"https:\/\/residenzaruspolibonaparte.com\/fr\/wp-json\/wp\/v2\/users\/1"}],"replies":[{"embeddable":true,"href":"https:\/\/residenzaruspolibonaparte.com\/fr\/wp-json\/wp\/v2\/comments?post=14"}],"version-history":[{"count":17,"href":"https:\/\/residenzaruspolibonaparte.com\/fr\/wp-json\/wp\/v2\/pages\/14\/revisions"}],"predecessor-version":[{"id":431,"href":"https:\/\/residenzaruspolibonaparte.com\/fr\/wp-json\/wp\/v2\/pages\/14\/revisions\/431"}],"wp:attachment":[{"href":"https:\/\/residenzaruspolibonaparte.com\/fr\/wp-json\/wp\/v2\/media?parent=14"}],"curies":[{"name":"wp","href":"https:\/\/api.w.org\/{rel}","templated":true}]}}